{"id":78,"date":"2022-12-18T20:44:28","date_gmt":"2022-12-18T19:44:28","guid":{"rendered":"http:\/\/ww1.gemeinschaftsbildung.space\/?page_id=78"},"modified":"2024-04-23T14:10:23","modified_gmt":"2024-04-23T12:10:23","slug":"links","status":"publish","type":"page","link":"https:\/\/gemeinschaftsbildung.space\/en\/links\/","title":{"rendered":"Links"},"content":{"rendered":"<h5 class=\"wp-block-heading\">German Websites<\/h5>\n\n\n\n<ul class=\"wp-block-list\">\n<li><a href=\"http:\/\/www.netzwerk-gemeinschaftsbildung.com\/\">Sabine Bartscherer, seasoned facilitator<\/a><\/li>\n\n\n\n<li><a href=\"http:\/\/www.beriah-gemeinschaftsbildung.de\/\">\u201eBeriah Gemeinschaftsbildung\u201c by Stefan Gro\u00df-Leisner, Johanna Gro\u00df and Ina Welpmann<\/a><\/li>\n\n\n\n<li><a href=\"https:\/\/www.schloss-tempelhof.de\/\">\u201eWe-Prozess\u201c from the Community Schlo\u00df Tempelhof (modified CB process)<\/a><\/li>\n\n\n\n<li><a href=\"https:\/\/en.wikipedia.org\/wiki\/M._Scott_Peck\">Wikipedia(english): Morgan Scott Peck (\u20202005)<\/a><\/li>\n\n\n\n<li><a href=\"http:\/\/www.ammerseeinstitut.de\/\">Simone Kosog and Alexander Wiedemann<\/a><\/li>\n\n\n\n<li><a href=\"https:\/\/www.bewusstwie.org\/community-building-gemeinschaftsbildung\">CH: Bewusstwie.org: Petra Grothe and Andreas Reese<\/a><\/li>\n\n\n\n<li><a href=\"http:\/\/www.communitybuilding.life\/\">Matthias Backhausen and Daniel Wrede<\/a><\/li>\n\n\n\n<li><a href=\"https:\/\/refugio-humano.de\/cb\/\">Refugio Humano: Inna und Thomas<\/a><\/li>\n\n\n\n<li><a href=\"http:\/\/www.starke-seminare.de\/\">Michaela Starke<\/a><\/li>\n\n\n\n<li><a href=\"http:\/\/gemeinschaftsbildung.at\/\">AT: Martin Schneidhofer<\/a><\/li>\n\n\n\n<li><a href=\"http:\/\/www.andzoe.de\/\">Andreas and Ute Zoellner<\/a><\/li>\n<\/ul>\n\n\n\n<h5 class=\"wp-block-heading\">International Websites<\/h5>\n\n\n\n<ul class=\"wp-block-list\">\n<li><a href=\"https:\/\/communitybuilding.live\/\">CZ: Michael Stadlober und Hana Perglerov\u00e1 (English, German, Czech)<\/a><\/li>\n\n\n\n<li><a href=\"https:\/\/tivadarbalazs.podbean.com\/\">RO: Community Building Podcast of Tivadar Bal\u00e1zs<\/a><\/li>\n\n\n\n<li><a href=\"https:\/\/ro.linkedin.com\/in\/tivadar-bal%C3%A1zs-1541067\">RO: Tivadar Bal\u00e1zs (LinkedIn)<\/a><\/li>\n\n\n\n<li><a href=\"https:\/\/www.buildingcommunity.co.uk\/about-us\/\">UK: British group of Community Building Enthusiasts<\/a><\/li>\n\n\n\n<li><a href=\"https:\/\/nautilusleaders.com\/\">USA: Eve Berry<\/a><\/li>\n\n\n\n<li><a href=\"http:\/\/movedtospeak.org\/\">USA: John Schuller<\/a><\/li>\n\n\n\n<li><a href=\"http:\/\/www.fce-community.org\/\">USA: Federation for Community Encouragement<\/a><\/li>\n\n\n\n<li><a href=\"https:\/\/chattanoogaendeavors.org\/\">USA: Chattanooga Endeavors (Prison Program using CB)<\/a><\/li>\n\n\n\n<li><a href=\"http:\/\/www.mscottpeck.com\/\">Webseite von Morgan Scott Peck (\u20202005)<\/a><\/li>\n<\/ul>\n\n\n\n<h5 class=\"wp-block-heading\">German Literature<\/h5>\n\n\n\n<ul class=\"wp-block-list\">\n<li><a href=\"https:\/\/www.amazon.de\/Gemeinschaftsbildung-Weg-zu-authentischer-Gemeinschaft\/dp\/394041901X\">Gemeinschaftsbildung &#8211; Wege zu authentischer Gemeinschaft (2007, M. Scott Peck)<\/a><\/li>\n\n\n\n<li><a href=\"https:\/\/www.amazon.de\/Coming-together-neues-Gemeinschaftsbildung-Kommunikationsempfehlungen\/dp\/3922554075\">Coming together \u2013 Ein neues Wir (2009, Petra Mecklenburg, only used available)<\/a><\/li>\n<\/ul>\n\n\n\n<h5 class=\"wp-block-heading\">English Literature<\/h5>\n\n\n\n<ul class=\"wp-block-list\">\n<li><a href=\"https:\/\/www.archwaypublishing.com\/en\/bookstore\/bookdetails\/771791-building-true-community\">Building True Community (2022, Eve Berry)<\/a><\/li>\n\n\n\n<li><a href=\"https:\/\/www.amazon.com\/My-Soul-Said-Me-Unlikely\/dp\/0757300642\">My Soul said to me (2003, Robert E. Roberts (\u20202013) )<\/a><\/li>\n\n\n\n<li><a href=\"https:\/\/www.amazon.com\/Power-Acceptance-Meaningful-Relationships-Judgmental\/dp\/0878772421\">The Power of Acceptance (1997, Bill Thatcher)<\/a><\/li>\n<\/ul>\n\n\n\n<h5 class=\"wp-block-heading\">Related Literature<\/h5>\n\n\n\n<ul class=\"wp-block-list\">\n<li><a href=\"https:\/\/www.google.com\/search?q=reinventing+organizations+frederic+laloux\">Reinventing Organizations (2015, Frederic Laloux)<\/a>,&nbsp;<a href=\"https:\/\/www.denkmodell.de\/fundstuecke\/reinventing-organizations\/\">Abstract online (German)<\/a><\/li>\n<\/ul>\n\n\n\n<h5 class=\"wp-block-heading\">CB in the German Press<\/h5>\n\n\n\n<ul class=\"wp-block-list\">\n<li><a href=\"https:\/\/lesen.oya-online.de\/texte\/3432-echte-gemeinschaft-naehrt.html\">Echte Gemeinschaft n\u00e4hrt: Interview mit Ellen Stephens und Edward Groody (2020, Oya #58)<\/a><\/li>\n\n\n\n<li><a href=\"https:\/\/www.publik-forum.de\/publik-forum-10-2018\/mein-wochenende-im-kreis\">Mein Wochenende im Kreis (2018, Sara Mierzwa, Heft mit Artikel bestellbar)<\/a><\/li>\n\n\n\n<li><a href=\"http:\/\/www.netzwerk-gemeinschaftsbildung.com\/mediapool\/100\/1006262\/data\/Artikel_Gemeinschaftsbildung_Alois.pdf\">Ein Erfahrungsbericht von Alois Gastager (2009, Zeitschrift: Jonathan Seminarhotel)<\/a><\/li>\n\n\n\n<li><a href=\"http:\/\/www.netzwerk-gemeinschaftsbildung.com\/mediapool\/100\/1006262\/data\/Geeinschaftsbildung_Erfahrungsbericht_Gierens.pdf\">Ein Erfahrungsbericht von Susanne Gierens (Susanne Gierens \u20202019, 2007, Kurskontakte-Eurotopia Ausgabe 152)<\/a><\/li>\n<\/ul>\n\n\n\n<h5 class=\"wp-block-heading\">Videos<\/h5>\n\n\n\n<ul class=\"wp-block-list\">\n<li><a href=\"https:\/\/www.youtube.com\/watch?v=uTfDV7uNF2o\">Community Building in the Shadow of Justice (2019)<\/a><\/li>\n\n\n\n<li><a href=\"https:\/\/www.youtube.com\/watch?v=z5WzeWrpuys\">Gemeinschaftsbildung: Goldene Zeiten von jetztrettenwirdiewelt.de (2017, German)<\/a><\/li>\n\n\n\n<li><a href=\"https:\/\/www.youtube.com\/watch?v=470cnRnScHk\">Interview with Rusty Baldeagle (CB-Facilitator, 2016)<\/a><\/li>\n\n\n\n<li><a href=\"https:\/\/vimeo.com\/220006446\">Lecture from Robert E. Roberts (\u20202013) on \u201eProject Return\u201c (2004, englisch)<\/a><\/li>\n\n\n\n<li><a href=\"https:\/\/www.youtube.com\/watch?v=96s38qnTaYU&amp;t=408\">CB at Carlisle Motors (1995)<\/a><\/li>\n\n\n\n<li><a href=\"https:\/\/www.youtube.com\/watch?v=p_2739tAmZc\">Interview with M. Scott Peck (1993)<\/a><\/li>\n<\/ul>\n\n\n\n<h5 class=\"wp-block-heading\">Archived Content \u2013 only accessible via archive.org<\/h5>\n\n\n\n<ul class=\"wp-block-list\">\n<li><a href=\"https:\/\/web.archive.org\/web\/20190807151651\/http:\/\/community4me.com\/\">Community4Me by Jerry Hampton<\/a><\/li>\n\n\n\n<li><a href=\"https:\/\/web.archive.org\/web\/20181226225836\/http:\/\/communitybuilding.net\/\">Community Building Institute (Old Website from Edward Groody)<\/a><\/li>\n\n\n\n<li><a href=\"http:\/\/web.archive.org\/web\/20181030021913\/http:\/\/www.ourmotherearth.org\/\">Facilitator Russel \u201eRusty Baldeagle\u201c A. Myers<\/a><\/li>\n\n\n\n<li><a href=\"http:\/\/web.archive.org\/web\/20140422214804\/http:\/\/www.offene-werkstatt-jahnishausen.de\/Presse\/IP_2013-02_OWJ.pdf\">Das Dreieck des Lebens (2013, Gierens, Reich, Griepentrog)<\/a><\/li>\n\n\n\n<li><a href=\"http:\/\/web.archive.org\/web\/20090906193054\/https:\/\/connection-medien.de\/artikel\/interviews\/interview-mir-scott-peck.html\">Interview with Scott Peck (2009, Connection, german)<\/a><\/li>\n\n\n\n<li><a href=\"https:\/\/web.archive.org\/web\/20161006112610\/http:\/\/mysoulsaidtome.com\/\">Webseite von Dr. Bob Roberts (\u20202013)<\/a><\/li>\n<\/ul>\n\n\n\n<h5 class=\"wp-block-heading\">Other Methods for Personal Growth and Self-Experience<\/h5>\n\n\n\n<ul class=\"wp-block-list\">\n<li><a href=\"https:\/\/authenticrelating.co\/\">Authentic Relating<\/a> (<a href=\"https:\/\/authenticrelating.co\/\">ART<\/a>,&nbsp;<a href=\"https:\/\/www.authrev.org\/\">Authentic Revolution<\/a>)<\/li>\n\n\n\n<li><a href=\"https:\/\/www.radicalhonesty.com\/\">Radical Honesty (Brad Blanton)<\/a><\/li>\n\n\n\n<li><a href=\"https:\/\/www.cnvc.org\/\">Non-Violent Communication (Marshall B. Rosenberg)<\/a><\/li>\n\n\n\n<li><a href=\"https:\/\/insightdialogue.org\/\">Insight Dialogue (Gregory Kramer)<\/a><\/li>\n\n\n\n<li><a href=\"https:\/\/gemeinschaftsbildung.space\/links.html\">Circling<\/a> (<a href=\"https:\/\/circling.ch\/\">DE<\/a>,&nbsp;<a href=\"https:\/\/circlinginstitute.com\/\">EN<\/a>)<\/li>\n\n\n\n<li><a href=\"http:\/\/www.lightforthesoul.com\/deutsch-affinity-group-process\">Affinity Prozess (Paul Ferrini)<\/a> (<a href=\"http:\/\/www.lightforthesoul.com\/deutsch-affinity-group-process\">DE<\/a>,&nbsp;<a href=\"http:\/\/www.lightforthesoul.com\/affinity\">EN<\/a>)<\/li>\n<\/ul>","protected":false},"excerpt":{"rendered":"<p>Deutschsprachige Webseiten Internationale Webseiten Deutschsprachige Literatur Englischsprachige Literatur Thematisch verwandte Literatur Gemeinschaftsbildung in der Presse Videos Archivinhalte &#8211; nur \u00fcber archive.org zug\u00e4ngliche Inhalte Andere Prozesse zur Pers\u00f6nlichkeitsentwicklung und Selbsterfahrung<\/p>","protected":false},"author":1,"featured_media":0,"parent":0,"menu_order":0,"comment_status":"closed","ping_status":"closed","template":"","meta":{"footnotes":""},"class_list":["post-78","page","type-page","status-publish"],"_links":{"self":[{"href":"https:\/\/gemeinschaftsbildung.space\/en\/wp-json\/wp\/v2\/pages\/78","targetHints":{"allow":["GET"]}}],"collection":[{"href":"https:\/\/gemeinschaftsbildung.space\/en\/wp-json\/wp\/v2\/pages"}],"about":[{"href":"https:\/\/gemeinschaftsbildung.space\/en\/wp-json\/wp\/v2\/types\/page"}],"author":[{"embeddable":true,"href":"https:\/\/gemeinschaftsbildung.space\/en\/wp-json\/wp\/v2\/users\/1"}],"replies":[{"embeddable":true,"href":"https:\/\/gemeinschaftsbildung.space\/en\/wp-json\/wp\/v2\/comments?post=78"}],"version-history":[{"count":40,"href":"https:\/\/gemeinschaftsbildung.space\/en\/wp-json\/wp\/v2\/pages\/78\/revisions"}],"predecessor-version":[{"id":857,"href":"https:\/\/gemeinschaftsbildung.space\/en\/wp-json\/wp\/v2\/pages\/78\/revisions\/857"}],"wp:attachment":[{"href":"https:\/\/gemeinschaftsbildung.space\/en\/wp-json\/wp\/v2\/media?parent=78"}],"curies":[{"name":"wp","href":"https:\/\/api.w.org\/{rel}","templated":true}]}}