{"id":609,"date":"2022-12-26T22:24:08","date_gmt":"2022-12-26T21:24:08","guid":{"rendered":"http:\/\/ww1.gemeinschaftsbildung.space\/?page_id=609"},"modified":"2025-06-15T14:28:35","modified_gmt":"2025-06-15T12:28:35","slug":"impressum","status":"publish","type":"page","link":"https:\/\/gemeinschaftsbildung.space\/en\/impressum\/","title":{"rendered":"Imprint"},"content":{"rendered":"<div class=\"entry-content\">\n<section id=\"builder-section-text_11\" class=\"builder-section-first builder-section builder-section-text builder-section-last builder-text-columns-2 layout-9\">\n<div class=\"builder-section-content\">\n<div class=\"builder-text-row\">\n<div id=\"builder-section-text_11-column-1\" class=\"builder-text-column builder-text-column-1\">\n<div class=\"builder-text-content\">\n<h2>Angaben gem\u00e4\u00df \u00a7 5 TMG<\/h2>\n<p>Tobias Unsleber<br \/>Am Schwalbenschwanz 32<br \/>60431 Frankfurt am Main<\/p>\n<h2>Contact Us<\/h2>\n<p>Telefon: 069 \/ 24 75 6 22 9<br \/>E-Mail: <img loading=\"lazy\" decoding=\"async\" class=\"email-adresse-bild alignnone wp-image-687 size-full\" src=\"https:\/\/gemeinschaftsbildung.space\/wp-content\/uploads\/2022\/12\/email_adresse.png\" alt=\"\" width=\"218\" height=\"27\" srcset=\"https:\/\/gemeinschaftsbildung.space\/wp-content\/uploads\/2022\/12\/email_adresse.png 218w, https:\/\/gemeinschaftsbildung.space\/wp-content\/uploads\/2022\/12\/email_adresse-18x2.png 18w\" sizes=\"auto, (max-width: 218px) 100vw, 218px\" \/><\/p>\n<h2>Redaktionell verantwortlich<\/h2>\n<p>Tobias Unsleber<\/p>\n<h2>EU-Streitschlichtung<\/h2>\n<p>Die Europ\u00e4ische Kommission stellt eine Plattform zur Online-Streitbeilegung (OS) bereit: <a href=\"https:\/\/ec.europa.eu\/consumers\/odr\/\" target=\"_blank\" rel=\"noopener noreferrer\">https:\/\/ec.europa.eu\/consumers\/odr\/<\/a>.<br \/>Unsere E-Mail-Adresse finden Sie oben im Impressum.<\/p>\n<h2>Verbraucher\u00adstreit\u00adbeilegung\/Universal\u00adschlichtungs\u00adstelle<\/h2>\n<p>Wir nehmen an einem Streitbeilegungsverfahren vor einer Verbraucherschlichtungsstelle teil. Zust\u00e4ndig ist die Universalschlichtungsstelle des Zentrums f\u00fcr Schlichtung e.V., Stra\u00dfburger Stra\u00dfe 8, 77694 Kehl am Rhein (<a href=\"https:\/\/www.verbraucher-schlichter.de\" target=\"_blank\" rel=\"noopener noreferrer\">https:\/\/www.verbraucher-schlichter.de<\/a>).<\/p>\n<p>Quelle: <a href=\"https:\/\/www.e-recht24.de\" target=\"_blank\" rel=\"noopener\">https:\/\/www.e-recht24.de<\/a><\/p>\n<\/div>\n<\/div>\n<\/div>\n<\/div>\n<\/section>\n<\/div>\n\n\n<h2 class=\"wp-block-heading\">Bildquellen<\/h2>\n\n\n\n<div class=\"wp-block-media-text alignwide is-stacked-on-mobile imagesource\" style=\"grid-template-columns:15% auto\"><figure class=\"wp-block-media-text__media\"><a href=\"https:\/\/pixabay.com\/illustrations\/silhouettes-person-circle-1186990\/\"><img loading=\"lazy\" decoding=\"async\" width=\"150\" height=\"149\" src=\"https:\/\/gemeinschaftsbildung.space\/wp-content\/uploads\/2022\/12\/circle-g4085e6b3a_640-e1671483098696.png\" alt=\"\" class=\"wp-image-236 size-thumbnail\" srcset=\"https:\/\/gemeinschaftsbildung.space\/wp-content\/uploads\/2022\/12\/circle-g4085e6b3a_640-e1671483098696.png 150w, https:\/\/gemeinschaftsbildung.space\/wp-content\/uploads\/2022\/12\/circle-g4085e6b3a_640-e1671483098696-12x12.png 12w\" sizes=\"auto, (max-width: 150px) 100vw, 150px\" \/><\/a><\/figure><div class=\"wp-block-media-text__content\">\n<p><a href=\"https:\/\/pixabay.com\/illustrations\/silhouettes-person-circle-1186990\/\">Shilouttes-Person-Circle By Geralt @ Pixabay<\/a><\/p>\n<\/div><\/div>\n\n\n\n<div class=\"wp-block-media-text alignwide is-stacked-on-mobile imagesource\" style=\"grid-template-columns:15% auto\"><figure class=\"wp-block-media-text__media\"><a href=\"https:\/\/icons8.de\/icon\/3QSIs3rq6sjN\/menge\"><img loading=\"lazy\" decoding=\"async\" width=\"64\" height=\"64\" src=\"https:\/\/gemeinschaftsbildung.space\/wp-content\/uploads\/2022\/12\/icons8-menge-64-weiss.png\" alt=\"\" class=\"wp-image-625 size-full\" srcset=\"https:\/\/gemeinschaftsbildung.space\/wp-content\/uploads\/2022\/12\/icons8-menge-64-weiss.png 64w, https:\/\/gemeinschaftsbildung.space\/wp-content\/uploads\/2022\/12\/icons8-menge-64-weiss-12x12.png 12w\" sizes=\"auto, (max-width: 64px) 100vw, 64px\" \/><\/a><\/figure><div class=\"wp-block-media-text__content\">\n<p><a href=\"https:\/\/icons8.de\/icon\/3QSIs3rq6sjN\/menge\">Menge By Icons8.de<\/a><\/p>\n<\/div><\/div>\n\n\n\n<div class=\"wp-block-media-text alignwide is-stacked-on-mobile imagesource\" style=\"grid-template-columns:15% auto\"><figure class=\"wp-block-media-text__media\"><a href=\"https:\/\/pixabay.com\/de\/illustrations\/youtube-youtube-logo-symbol-medien-2844504\/\"><img loading=\"lazy\" decoding=\"async\" width=\"960\" height=\"480\" src=\"https:\/\/gemeinschaftsbildung.space\/wp-content\/uploads\/2022\/12\/youtube_external_en.png\" alt=\"\" class=\"wp-image-676 size-full\" srcset=\"https:\/\/gemeinschaftsbildung.space\/wp-content\/uploads\/2022\/12\/youtube_external_en.png 960w, https:\/\/gemeinschaftsbildung.space\/wp-content\/uploads\/2022\/12\/youtube_external_en-300x150.png 300w, https:\/\/gemeinschaftsbildung.space\/wp-content\/uploads\/2022\/12\/youtube_external_en-768x384.png 768w, https:\/\/gemeinschaftsbildung.space\/wp-content\/uploads\/2022\/12\/youtube_external_en-18x9.png 18w\" sizes=\"auto, (max-width: 960px) 100vw, 960px\" \/><\/a><\/figure><div class=\"wp-block-media-text__content\">\n<p><a href=\"https:\/\/pixabay.com\/de\/illustrations\/youtube-youtube-logo-symbol-medien-2844504\/\">Youtube-Symbol By Sibent @ Pixabay<\/a><\/p>\n<\/div><\/div>\n\n\n\n<div class=\"wp-block-media-text alignwide is-stacked-on-mobile imagesource\" style=\"grid-template-columns:15% auto\"><figure class=\"wp-block-media-text__media\"><a href=\"https:\/\/pixabay.com\/de\/illustrations\/hintergrund-technologie-abstract-6297148\/\"><img decoding=\"async\" src=\"https:\/\/gemeinschaftsbildung.space\/wp-content\/uploads\/2023\/01\/background-6297148_640-1.jpg\" alt=\"Dots of Network Blue on Black\" class=\"wp-image-724 size-full\"\/><\/a><\/figure><div class=\"wp-block-media-text__content\">\n<p><a href=\"https:\/\/pixabay.com\/de\/illustrations\/hintergrund-technologie-abstract-6297148\/\">Technologie-Abstract by Saint-D @ Pixabay<\/a><\/p>\n<\/div><\/div>","protected":false},"excerpt":{"rendered":"<p>Angaben gem\u00e4\u00df \u00a7 5 TMG Tobias UnsleberAm Schwalbenschwanz 3260431 Frankfurt am Main Kontakt Telefon: 069 \/ 24 75 6 22 9E-Mail: Redaktionell verantwortlich Tobias Unsleber EU-Streitschlichtung Die Europ\u00e4ische Kommission stellt eine Plattform zur Online-Streitbeilegung (OS) bereit: https:\/\/ec.europa.eu\/consumers\/odr\/.Unsere E-Mail-Adresse finden Sie oben im Impressum. Verbraucher\u00adstreit\u00adbeilegung\/Universal\u00adschlichtungs\u00adstelle Wir nehmen an einem Streitbeilegungsverfahren vor einer Verbraucherschlichtungsstelle teil. Zust\u00e4ndig ist &#8230; <a title=\"Imprint\" class=\"read-more\" href=\"https:\/\/gemeinschaftsbildung.space\/en\/impressum\/\" aria-label=\"Read more about Impressum\">Read more<\/a><\/p>","protected":false},"author":1,"featured_media":0,"parent":0,"menu_order":0,"comment_status":"closed","ping_status":"closed","template":"","meta":{"footnotes":""},"class_list":["post-609","page","type-page","status-publish"],"_links":{"self":[{"href":"https:\/\/gemeinschaftsbildung.space\/en\/wp-json\/wp\/v2\/pages\/609","targetHints":{"allow":["GET"]}}],"collection":[{"href":"https:\/\/gemeinschaftsbildung.space\/en\/wp-json\/wp\/v2\/pages"}],"about":[{"href":"https:\/\/gemeinschaftsbildung.space\/en\/wp-json\/wp\/v2\/types\/page"}],"author":[{"embeddable":true,"href":"https:\/\/gemeinschaftsbildung.space\/en\/wp-json\/wp\/v2\/users\/1"}],"replies":[{"embeddable":true,"href":"https:\/\/gemeinschaftsbildung.space\/en\/wp-json\/wp\/v2\/comments?post=609"}],"version-history":[{"count":19,"href":"https:\/\/gemeinschaftsbildung.space\/en\/wp-json\/wp\/v2\/pages\/609\/revisions"}],"predecessor-version":[{"id":933,"href":"https:\/\/gemeinschaftsbildung.space\/en\/wp-json\/wp\/v2\/pages\/609\/revisions\/933"}],"wp:attachment":[{"href":"https:\/\/gemeinschaftsbildung.space\/en\/wp-json\/wp\/v2\/media?parent=609"}],"curies":[{"name":"wp","href":"https:\/\/api.w.org\/{rel}","templated":true}]}}