{"id":841,"date":"2023-11-20T01:44:06","date_gmt":"2023-11-20T00:44:06","guid":{"rendered":"https:\/\/gemeinschaftsbildung.space\/?page_id=841"},"modified":"2023-11-20T01:49:51","modified_gmt":"2023-11-20T00:49:51","slug":"so-26-11-2023-schnupperworkshop-mainz","status":"publish","type":"page","link":"https:\/\/gemeinschaftsbildung.space\/de\/so-26-11-2023-schnupperworkshop-mainz\/","title":{"rendered":"Fr, 26.11.2023, Schnupperworkshop Mainz"},"content":{"rendered":"\n<div class=\"wp-block-media-text is-stacked-on-mobile\"><figure class=\"wp-block-media-text__media\"><img decoding=\"async\" src=\"https:\/\/gemeinschaftsbildung.space\/wp-content\/uploads\/2023\/03\/cb-wortwoke2-1024x1024.png\" alt=\"\"\/><\/figure><div class=\"wp-block-media-text__content\">\n<p id=\"block-bed4ed37-7cea-433f-81c3-1fc0567dfbe3\">Ich, Tobias, lade Euch ein, den Weg in Richtung Gemeinschaft mal f\u00fcr einen Abend lang auszuprobieren. Ihr trainiert mit dieser Methode Eure Intuition, Authentizit\u00e4t, Konfliktf\u00e4higkeit, \u00fcbt den Vertrauensaufbau und Achtsamkeit. Der GB-Prozess findet im Stuhlkreis mit Begleitung statt. Dabei geht es darum, authentisch miteinander in Kontakt zu kommen und sich auf der emotionalen Ebene \/ Beziehungsebene zu begegnen und so auch mit v\u00f6llig Fremden zu versuchen eine Gemeinschaft zu entwickeln, um zu verstehen, wie &#8222;Gemeinschaftsbildung&#8220; nach diesem Weg funktionieren kann.<\/p>\n\n\n\n<p id=\"block-704e842c-e352-4cb3-a3ba-d9eb7c3cba5d\">Anhand von Empfehlungen \u00fcbt Ihr, Hindernisse in der Kommunikation zu \u00fcberwinden. Ganz nah dran am normalen Leben, kann genau all das zum Thema werden, was jetzt in jedem Einzelnen und untereinander vor sich geht. In der Verlangsamung der Kommunikation betrachtet jeder in sich selbst intensiv, was gerade passiert und experimentiert mutig, damit in Kontakt zu gehen. Eine gemeinsame Abenteuerreise in unser Inneres &#8211; ins Unbekannte &#8211; Vom Ich zum Wir.<\/p>\n\n\n\n<p id=\"block-7bc6c041-dae6-4f96-a84c-bb01feca7d72\">Hinweis: Ein gruppendynamischer Prozess kann Irritationen und sehr unangenehme Gef\u00fchle und Situationen hervorrufen. Die Konfrontation mit schwierigen Gef\u00fchlen ist kein Zeichen daf\u00fcr, dass der Prozess schlecht l\u00e4uft, sondern eher Normalit\u00e4t, die es zu erfahren gilt. Wer sich in dieser Hinsicht als besonders sensibel einsch\u00e4tzt, sollte vielleicht noch einmal mit uns R\u00fccksprache halten, ob diese Veranstaltung f\u00fcr Sie\/Ihn geeignet ist.<\/p>\n\n\n\n<p id=\"block-16d4ea88-f028-45c3-935b-991acbae828a\"><strong>Datum:<\/strong> So, 26.11.2023 <strong>Zeit:<\/strong> 16:00 &#8211; 19:30 Uhr <br><strong>Ort:<\/strong> Mainz<br><br><strong>Kosten:<\/strong> kostenfrei &#8211; Spenden willkommen<\/p>\n\n\n\n<p id=\"block-f9f43966-a079-4ae7-b9d9-719f181fbea1\"><strong>Details und Anmeldung:<\/strong><\/p>\n\n\n\n<p><a href=\"https:\/\/www.meetup.com\/de-DE\/gemeinschaftsbildung-nach-scott-peck-frankfurt-main\/events\/297467408\/\">https:\/\/www.meetup.com\/de-DE\/gemeinschaftsbildung-nach-scott-peck-frankfurt-main\/events\/297467408\/<\/a><\/p>\n<\/div><\/div>\n","protected":false},"excerpt":{"rendered":"<p>Ich, Tobias, lade Euch ein, den Weg in Richtung Gemeinschaft mal f\u00fcr einen Abend lang auszuprobieren. Ihr trainiert mit dieser Methode Eure Intuition, Authentizit\u00e4t, Konfliktf\u00e4higkeit, \u00fcbt den Vertrauensaufbau und Achtsamkeit. Der GB-Prozess findet im Stuhlkreis mit Begleitung statt. Dabei geht es darum, authentisch miteinander in Kontakt zu kommen und sich auf der emotionalen Ebene \/ &#8230; <a title=\"Fr, 26.11.2023, Schnupperworkshop Mainz\" class=\"read-more\" href=\"https:\/\/gemeinschaftsbildung.space\/de\/so-26-11-2023-schnupperworkshop-mainz\/\" aria-label=\"Mehr Informationen \u00fcber Fr, 26.11.2023, Schnupperworkshop Mainz\">Weiterlesen<\/a><\/p>\n","protected":false},"author":1,"featured_media":0,"parent":0,"menu_order":0,"comment_status":"closed","ping_status":"closed","template":"","meta":{"footnotes":""},"class_list":["post-841","page","type-page","status-publish"],"_links":{"self":[{"href":"https:\/\/gemeinschaftsbildung.space\/de\/wp-json\/wp\/v2\/pages\/841","targetHints":{"allow":["GET"]}}],"collection":[{"href":"https:\/\/gemeinschaftsbildung.space\/de\/wp-json\/wp\/v2\/pages"}],"about":[{"href":"https:\/\/gemeinschaftsbildung.space\/de\/wp-json\/wp\/v2\/types\/page"}],"author":[{"embeddable":true,"href":"https:\/\/gemeinschaftsbildung.space\/de\/wp-json\/wp\/v2\/users\/1"}],"replies":[{"embeddable":true,"href":"https:\/\/gemeinschaftsbildung.space\/de\/wp-json\/wp\/v2\/comments?post=841"}],"version-history":[{"count":5,"href":"https:\/\/gemeinschaftsbildung.space\/de\/wp-json\/wp\/v2\/pages\/841\/revisions"}],"predecessor-version":[{"id":846,"href":"https:\/\/gemeinschaftsbildung.space\/de\/wp-json\/wp\/v2\/pages\/841\/revisions\/846"}],"wp:attachment":[{"href":"https:\/\/gemeinschaftsbildung.space\/de\/wp-json\/wp\/v2\/media?parent=841"}],"curies":[{"name":"wp","href":"https:\/\/api.w.org\/{rel}","templated":true}]}}